{"id":1286,"date":"2024-03-17T20:52:15","date_gmt":"2024-03-17T19:52:15","guid":{"rendered":"http:\/\/choinski.info\/?page_id=1286"},"modified":"2026-04-27T20:18:11","modified_gmt":"2026-04-27T18:18:11","slug":"minister-jozef-beck-alkoholizm-i-marzenie","status":"publish","type":"page","link":"http:\/\/choinski.info\/index.php\/minister-jozef-beck-alkoholizm-i-marzenie\/","title":{"rendered":"Minister J\u00f3zef Beck Alkoholizm, marzenie i wybuch II W.\u015aw."},"content":{"rendered":"\n<p><\/p>\n\n\n\n<figure class=\"wp-block-image size-full\"><img decoding=\"async\" loading=\"lazy\" width=\"320\" height=\"180\" src=\"http:\/\/choinski.info\/wp-content\/uploads\/2023\/11\/Beck-pije.webp\" alt=\"\" class=\"wp-image-1254\" srcset=\"http:\/\/choinski.info\/wp-content\/uploads\/2023\/11\/Beck-pije.webp 320w, http:\/\/choinski.info\/wp-content\/uploads\/2023\/11\/Beck-pije-300x169.webp 300w\" sizes=\"(max-width: 320px) 100vw, 320px\" \/><\/figure>\n\n\n\n<p><strong> <\/strong>Jest to zwiastun filmu dokumentalnego o przyczynach wybuchu II W. \u015aw.  G\u0142\u00f3wnym \u017ar\u00f3d\u0142em wiedzy s\u0105 wspomnienia Micha\u0142a hr. \u0141ubie\u0144skiego, Dyrektora Gabinetu Ministra Becka w latach 1935 &#8211; 1939, poszerzone  o dziesi\u0105tki dokument\u00f3w potwierdzaj\u0105cych fakty przez niego przedstawione.  Beck, kt\u00f3ry m\u00f3wi\u0142 do sekretarzy: &#8222;Ten z was, kt\u00f3ry napisze moje pami\u0119tniki, rozpocznie je od s\u0142\u00f3w,  J\u00f3zef Beck by\u0142 alkoholikiem&#8221; (M. \u0141ubie\u0144ski) wymy\u015bli\u0142 sobie:  Nie pozwol\u0119 Hitlerowi napa\u015b\u0107 na Rosj\u0119 Sowieck\u0105, bo ona si\u0119 rozpada i b\u0119dzie nasza. Zmusz\u0119 go do napa\u015bci na Angli\u0119 i Francj\u0119. Je\u015bli oni zgodz\u0105 si\u0119 da\u0107 Polsce jednostronne gwarancje bezpiecze\u0144stwa to wtedy, i tylko wtedy, milion polskich bagnet\u00f3w nie wspomo\u017ce Hitlera&#8230; W filmie s\u0105 za\u0142\u0105czone udokumentowane ekscesy alkoholowe i erotyczne ministra.  Oto g\u0142\u00f3wne b\u0142\u0119dy polskich, aktualnych historyk\u00f3w, pisz\u0105cych o Becku:  <\/p>\n\n\n\n<ol>\n<li>Polsk\u0105 &#8222;polityk\u0119 r\u00f3wnowagi&#8221; (zarzucon\u0105 &#8211; z akcentem antyangielskim &#8211; w zwi\u0105zku z  nie zaproszeniem go do Monachium, dok. nr 424 z dn. 29 .09.38, ), Beck widzia\u0142 nie pomi\u0119dzy ZSRR i III Rzesz\u0105, lecz pomi\u0119dzy Niemcami a Angli\u0105 i Francj\u0105.<\/li>\n\n\n\n<li>Zapewne nie zmar\u0142 &#8222;na gru\u017alic\u0119&#8221;, na kt\u00f3r\u0105 przecie\u017c nie chorowa\u0142 (Patrz M. \u0141ubie\u0144ski, Starze\u0144ski i towarzysz\u0105cy mu do samej \u015bmierci Rogoyski .)<\/li>\n\n\n\n<li>B\u0142\u0119dne przet\u0142umaczenie i  publikacja  kluczowego dokumentu, ukazuj\u0105c  polityk\u0119 premiera Chamberlaina  odwrotnie, ni\u017c by\u0142a ona faktycznie .  <\/li>\n\n\n\n<li><video width=\"320\" height=\"240\" controls=\"\">   <source src=\"\/wp-content\/uploads\/2025\/04\/zwiastun.webm\" type=\"video\/webm\"><\/source> Your browser does not support the video tag. <\/video><\/li>\n<\/ol>\n","protected":false},"excerpt":{"rendered":"<p>Jest to zwiastun filmu dokumentalnego o przyczynach wybuchu II W. \u015aw. G\u0142\u00f3wnym \u017ar\u00f3d\u0142em wiedzy s\u0105 wspomnienia Micha\u0142a hr. \u0141ubie\u0144skiego, Dyrektora Gabinetu Ministra Becka w latach 1935 &#8211; 1939, poszerzone o dziesi\u0105tki dokument\u00f3w potwierdzaj\u0105cych fakty przez niego przedstawione. Beck, kt\u00f3ry m\u00f3wi\u0142 do sekretarzy: &#8222;Ten z was, kt\u00f3ry napisze moje pami\u0119tniki, rozpocznie je od s\u0142\u00f3w, J\u00f3zef Beck &hellip; <a href=\"http:\/\/choinski.info\/index.php\/minister-jozef-beck-alkoholizm-i-marzenie\/\" class=\"more-link\">Czytaj dalej <span class=\"screen-reader-text\">Minister J\u00f3zef Beck Alkoholizm, marzenie i wybuch II W.\u015aw.<\/span> <span class=\"meta-nav\">&rarr;<\/span><\/a><\/p>\n","protected":false},"author":1,"featured_media":0,"parent":0,"menu_order":0,"comment_status":"closed","ping_status":"closed","template":"","meta":[],"_links":{"self":[{"href":"http:\/\/choinski.info\/index.php\/wp-json\/wp\/v2\/pages\/1286"}],"collection":[{"href":"http:\/\/choinski.info\/index.php\/wp-json\/wp\/v2\/pages"}],"about":[{"href":"http:\/\/choinski.info\/index.php\/wp-json\/wp\/v2\/types\/page"}],"author":[{"embeddable":true,"href":"http:\/\/choinski.info\/index.php\/wp-json\/wp\/v2\/users\/1"}],"replies":[{"embeddable":true,"href":"http:\/\/choinski.info\/index.php\/wp-json\/wp\/v2\/comments?post=1286"}],"version-history":[{"count":19,"href":"http:\/\/choinski.info\/index.php\/wp-json\/wp\/v2\/pages\/1286\/revisions"}],"predecessor-version":[{"id":1425,"href":"http:\/\/choinski.info\/index.php\/wp-json\/wp\/v2\/pages\/1286\/revisions\/1425"}],"wp:attachment":[{"href":"http:\/\/choinski.info\/index.php\/wp-json\/wp\/v2\/media?parent=1286"}],"curies":[{"name":"wp","href":"https:\/\/api.w.org\/{rel}","templated":true}]}}