{"id":294,"date":"2017-10-12T11:35:29","date_gmt":"2017-10-12T09:35:29","guid":{"rendered":"http:\/\/choinski.info\/?page_id=294"},"modified":"2025-06-14T12:18:12","modified_gmt":"2025-06-14T10:18:12","slug":"oldtimer","status":"publish","type":"page","link":"http:\/\/choinski.info\/index.php\/oldtimer\/","title":{"rendered":"Oldtimer"},"content":{"rendered":"<p><strong>Autos und Teile zum verkaufen <\/strong>(na sprzeda\u017c, tel. (48)\u00a0 693 115 645 (nur SMS): Adress: 05-420 J\u00f3zef\u00f3w ul. Pi\u0142sudskiego 1\u00a0 \u00a0 Poland E-mail: janusz@choinski.info<\/p>\n<p>\u00a0<\/p>\n<p>Mercedes -Benz W150,\u00a0 770K, 1938. (Grosser Mercedes) kaufen,\u00a0 for sale. 25000 EUR<\/p>\n<p><img decoding=\"async\" loading=\"lazy\" class=\"wp-image-388 size-large aligncenter\" src=\"http:\/\/choinski.info\/wp-content\/uploads\/2017\/10\/grosser-736x1024.jpg\" alt=\"\" width=\"474\" height=\"659\" srcset=\"http:\/\/choinski.info\/wp-content\/uploads\/2017\/10\/grosser-736x1024.jpg 736w, http:\/\/choinski.info\/wp-content\/uploads\/2017\/10\/grosser-216x300.jpg 216w, http:\/\/choinski.info\/wp-content\/uploads\/2017\/10\/grosser-768x1068.jpg 768w, http:\/\/choinski.info\/wp-content\/uploads\/2017\/10\/grosser.jpg 1222w\" sizes=\"(max-width: 474px) 100vw, 474px\" \/><\/p>\n<p>\u00a0<\/p>\n<p><img decoding=\"async\" loading=\"lazy\" class=\"wp-image-389 size-large aligncenter\" src=\"http:\/\/choinski.info\/wp-content\/uploads\/2017\/10\/opinia-727x1024.jpg\" alt=\"\" width=\"474\" height=\"668\" srcset=\"http:\/\/choinski.info\/wp-content\/uploads\/2017\/10\/opinia-727x1024.jpg 727w, http:\/\/choinski.info\/wp-content\/uploads\/2017\/10\/opinia-213x300.jpg 213w, http:\/\/choinski.info\/wp-content\/uploads\/2017\/10\/opinia-768x1081.jpg 768w, http:\/\/choinski.info\/wp-content\/uploads\/2017\/10\/opinia.jpg 1206w\" sizes=\"(max-width: 474px) 100vw, 474px\" \/><\/p>\n<p><img decoding=\"async\" src=\"http:\/\/choinski.info\/wp-content\/uploads\/2023\/01\/GROSSER-zaswiadczenie-769x1024.jpg\" alt=\"Obrazek posiada pusty atrybut alt; plik o nazwie GROSSER-zaswiadczenie-769x1024.jpg\" \/><\/p>\n<p>Mercedes -Benz W150,\u00a0 770K, 1938. (Grosser Mercedes) verkaufen, for sale 25000 EUR (Uwaga, auto jest sprzedane, mo\u017cliwy kontakt z nabywc\u0105)<\/p>\n<p>\u00a0<\/p>\n<p>For sale (kaufen). Wanderer W22,\u00a0 1934 , fast alles original. Typenschild und Dokumente sind vorhanden. Fahrbereit. 24.000 EUR. Wanderer W22<\/p>\n<p><img decoding=\"async\" loading=\"lazy\" class=\"size-medium wp-image-352 aligncenter\" src=\"http:\/\/choinski.info\/wp-content\/uploads\/2017\/10\/W22-vorn-300x225.jpg\" alt=\"\" width=\"300\" height=\"225\" srcset=\"http:\/\/choinski.info\/wp-content\/uploads\/2017\/10\/W22-vorn-300x225.jpg 300w, http:\/\/choinski.info\/wp-content\/uploads\/2017\/10\/W22-vorn-768x576.jpg 768w, http:\/\/choinski.info\/wp-content\/uploads\/2017\/10\/W22-vorn-1024x768.jpg 1024w, http:\/\/choinski.info\/wp-content\/uploads\/2017\/10\/W22-vorn.jpg 1600w\" sizes=\"(max-width: 300px) 100vw, 300px\" \/><\/p>\n<p><img decoding=\"async\" loading=\"lazy\" class=\"size-medium wp-image-353 aligncenter\" src=\"http:\/\/choinski.info\/wp-content\/uploads\/2017\/10\/W22-Motor-300x225.jpg\" alt=\"\" width=\"300\" height=\"225\" srcset=\"http:\/\/choinski.info\/wp-content\/uploads\/2017\/10\/W22-Motor-300x225.jpg 300w, http:\/\/choinski.info\/wp-content\/uploads\/2017\/10\/W22-Motor-768x576.jpg 768w, http:\/\/choinski.info\/wp-content\/uploads\/2017\/10\/W22-Motor-1024x768.jpg 1024w, http:\/\/choinski.info\/wp-content\/uploads\/2017\/10\/W22-Motor.jpg 1600w\" sizes=\"(max-width: 300px) 100vw, 300px\" \/><\/p>\n<p>For sale (kaufen). Wanderer W22,\u00a0 1934 , fast alles original. Typenschild und Dokumente sind vorhanden. Fahrbereit. 24.000 EUR. Wanderer W22<\/p>\n<p>\u00a0<\/p>\n<p>For sale (kaufen). (sprzedam) Mercedes-Benz Typ 230 W143\u00a0 Limousine.\u00a0 R &#8211; Objekt. 24000 EUR<\/p>\n<p><img decoding=\"async\" src=\"http:\/\/choinski.info\/wp-content\/uploads\/2023\/01\/W-143-5-1-1024x768.jpg\" \/><\/p>\n<p><img decoding=\"async\" src=\"http:\/\/choinski.info\/wp-content\/uploads\/2023\/01\/W-143-7-1-1024x768.jpg\" \/><\/p>\n<p>For sale (kaufen). (sprzedam) Mercedes-Benz Typ 230 W143\u00a0 Limousine.\u00a0 R &#8211; Objekt. 24000 EUR. Rahme\u00a0 Nr. 404562, Motor Nr. 404562<\/p>\n<p>Gibt es auch\u00a0 Rahmen (beschaedikt)\u00a0 Mercedes-Benz 230\u00a0 W143 lang &#8211; 1200 EUR . (Sprzedam uszkodzon\u0105 ram\u0119\u00a0 Mercedes 230 W143 long)<\/p>\n<p>\u00a0<\/p>\n<p>\u00a0<\/p>\n<p><img decoding=\"async\" loading=\"lazy\" class=\"size-medium wp-image-369 aligncenter\" src=\"http:\/\/choinski.info\/wp-content\/uploads\/2017\/10\/Simca-Vedette-z-prawej-300x225.jpg\" alt=\"\" width=\"300\" height=\"225\" srcset=\"http:\/\/choinski.info\/wp-content\/uploads\/2017\/10\/Simca-Vedette-z-prawej-300x225.jpg 300w, http:\/\/choinski.info\/wp-content\/uploads\/2017\/10\/Simca-Vedette-z-prawej.jpg 448w\" sizes=\"(max-width: 300px) 100vw, 300px\" \/><\/p>\n<p><img decoding=\"async\" loading=\"lazy\" class=\"size-medium wp-image-409 aligncenter\" src=\"http:\/\/choinski.info\/wp-content\/uploads\/2018\/09\/Simca-komora-silnikowa-300x225.jpg\" alt=\"\" width=\"300\" height=\"225\" srcset=\"http:\/\/choinski.info\/wp-content\/uploads\/2018\/09\/Simca-komora-silnikowa-300x225.jpg 300w, http:\/\/choinski.info\/wp-content\/uploads\/2018\/09\/Simca-komora-silnikowa.jpg 448w\" sizes=\"(max-width: 300px) 100vw, 300px\" \/><\/p>\n<p>Sprzedam. (For sale) Simca Vedette Chambord 1961,\u00a0 3000 EUR<\/p>\n<p>\u00a0<\/p>\n<p style=\"text-align: left;\">TEILE oldtimers zum verkaufen:<\/p>\n<p><img decoding=\"async\" loading=\"lazy\" class=\"size-medium wp-image-168 aligncenter\" src=\"http:\/\/choinski.info\/wp-content\/uploads\/2016\/01\/DSCF9156-225x300.jpg\" alt=\"\" width=\"225\" height=\"300\" srcset=\"http:\/\/choinski.info\/wp-content\/uploads\/2016\/01\/DSCF9156-225x300.jpg 225w, http:\/\/choinski.info\/wp-content\/uploads\/2016\/01\/DSCF9156-768x1024.jpg 768w, http:\/\/choinski.info\/wp-content\/uploads\/2016\/01\/DSCF9156.jpg 1536w\" sizes=\"(max-width: 225px) 100vw, 225px\" \/><\/p>\n<p>For sale (kaufen). Wanderer Vorkrieg Rahme 3000 EUR<\/p>\n<p><img decoding=\"async\" loading=\"lazy\" class=\"size-medium wp-image-365 aligncenter\" src=\"http:\/\/choinski.info\/wp-content\/uploads\/2017\/10\/M-21-Motor-gut-300x225.jpg\" alt=\"\" width=\"300\" height=\"225\" srcset=\"http:\/\/choinski.info\/wp-content\/uploads\/2017\/10\/M-21-Motor-gut-300x225.jpg 300w, http:\/\/choinski.info\/wp-content\/uploads\/2017\/10\/M-21-Motor-gut-768x576.jpg 768w, http:\/\/choinski.info\/wp-content\/uploads\/2017\/10\/M-21-Motor-gut-1024x768.jpg 1024w, http:\/\/choinski.info\/wp-content\/uploads\/2017\/10\/M-21-Motor-gut.jpg 1600w\" sizes=\"(max-width: 300px) 100vw, 300px\" \/><\/p>\n<p><img decoding=\"async\" loading=\"lazy\" class=\"size-medium wp-image-362 aligncenter\" src=\"http:\/\/choinski.info\/wp-content\/uploads\/2017\/10\/M-21-Motor-gut-1-300x225.jpg\" alt=\"\" width=\"300\" height=\"225\" srcset=\"http:\/\/choinski.info\/wp-content\/uploads\/2017\/10\/M-21-Motor-gut-1-300x225.jpg 300w, http:\/\/choinski.info\/wp-content\/uploads\/2017\/10\/M-21-Motor-gut-1-768x576.jpg 768w, http:\/\/choinski.info\/wp-content\/uploads\/2017\/10\/M-21-Motor-gut-1-1024x768.jpg 1024w, http:\/\/choinski.info\/wp-content\/uploads\/2017\/10\/M-21-Motor-gut-1.jpg 1600w\" sizes=\"(max-width: 300px) 100vw, 300px\" \/><\/p>\n<p>For sale (kaufen). Motor Mercedes-Benz 200,\u00a0 M 21,\u00a0 Sprzedam silnik Mercedes-Benz 200 M21<\/p>\n<p><img decoding=\"async\" loading=\"lazy\" class=\"size-medium wp-image-363 aligncenter\" src=\"http:\/\/choinski.info\/wp-content\/uploads\/2017\/10\/M-21-unvollstandig-1-300x225.jpg\" alt=\"\" width=\"300\" height=\"225\" srcset=\"http:\/\/choinski.info\/wp-content\/uploads\/2017\/10\/M-21-unvollstandig-1-300x225.jpg 300w, http:\/\/choinski.info\/wp-content\/uploads\/2017\/10\/M-21-unvollstandig-1-768x576.jpg 768w, http:\/\/choinski.info\/wp-content\/uploads\/2017\/10\/M-21-unvollstandig-1-1024x768.jpg 1024w, http:\/\/choinski.info\/wp-content\/uploads\/2017\/10\/M-21-unvollstandig-1.jpg 1600w\" sizes=\"(max-width: 300px) 100vw, 300px\" \/><\/p>\n<p>For sale (kaufen). Motor Mercedes-Benz 200,\u00a0 M21,<\/p>\n<p><img decoding=\"async\" loading=\"lazy\" class=\"size-medium wp-image-364 aligncenter\" src=\"http:\/\/choinski.info\/wp-content\/uploads\/2017\/10\/Motor-ME-300x225.jpg\" alt=\"\" width=\"300\" height=\"225\" srcset=\"http:\/\/choinski.info\/wp-content\/uploads\/2017\/10\/Motor-ME-300x225.jpg 300w, http:\/\/choinski.info\/wp-content\/uploads\/2017\/10\/Motor-ME-768x576.jpg 768w, http:\/\/choinski.info\/wp-content\/uploads\/2017\/10\/Motor-ME-1024x768.jpg 1024w, http:\/\/choinski.info\/wp-content\/uploads\/2017\/10\/Motor-ME.jpg 1600w\" sizes=\"(max-width: 300px) 100vw, 300px\" \/><\/p>\n<p>For sale (kaufen). Motor MP (unkomplett) 1000 EUR (From what car?)<\/p>\n<p><img decoding=\"async\" loading=\"lazy\" class=\"size-medium wp-image-193 aligncenter\" src=\"http:\/\/choinski.info\/wp-content\/uploads\/2016\/01\/DSCN0022-1-300x225.jpg\" alt=\"\" width=\"300\" height=\"225\" srcset=\"http:\/\/choinski.info\/wp-content\/uploads\/2016\/01\/DSCN0022-1-300x225.jpg 300w, http:\/\/choinski.info\/wp-content\/uploads\/2016\/01\/DSCN0022-1-768x576.jpg 768w, http:\/\/choinski.info\/wp-content\/uploads\/2016\/01\/DSCN0022-1-1024x768.jpg 1024w\" sizes=\"(max-width: 300px) 100vw, 300px\" \/><\/p>\n<p>For sale. Engine Ford V8 prewar 1500 EUR<\/p>\n<p><img decoding=\"async\" loading=\"lazy\" class=\"size-medium wp-image-146 aligncenter\" src=\"http:\/\/choinski.info\/wp-content\/uploads\/2016\/01\/DSCN0011-300x225.jpg\" alt=\"\" width=\"300\" height=\"225\" srcset=\"http:\/\/choinski.info\/wp-content\/uploads\/2016\/01\/DSCN0011-300x225.jpg 300w, http:\/\/choinski.info\/wp-content\/uploads\/2016\/01\/DSCN0011-768x576.jpg 768w, http:\/\/choinski.info\/wp-content\/uploads\/2016\/01\/DSCN0011-1024x768.jpg 1024w\" sizes=\"(max-width: 300px) 100vw, 300px\" \/><\/p>\n<p>Sprzedam: skrzynia bieg\u00f3w\u00a0 Ford V8 700 EUR<\/p>\n<p><img decoding=\"async\" loading=\"lazy\" class=\"size-medium wp-image-375 aligncenter\" src=\"http:\/\/choinski.info\/wp-content\/uploads\/2017\/10\/skrzynie-bieg\u00f3w-300x225.jpg\" alt=\"\" width=\"300\" height=\"225\" srcset=\"http:\/\/choinski.info\/wp-content\/uploads\/2017\/10\/skrzynie-bieg\u00f3w-300x225.jpg 300w, http:\/\/choinski.info\/wp-content\/uploads\/2017\/10\/skrzynie-bieg\u00f3w-768x576.jpg 768w, http:\/\/choinski.info\/wp-content\/uploads\/2017\/10\/skrzynie-bieg\u00f3w-1024x768.jpg 1024w\" sizes=\"(max-width: 300px) 100vw, 300px\" \/><\/p>\n<p>For sale (kaufen). Shaltgetriebe Mercedes-Benz M21, 1000 EUR (pro Stuck)<\/p>\n<p><img decoding=\"async\" loading=\"lazy\" class=\"size-medium wp-image-374 aligncenter\" src=\"http:\/\/choinski.info\/wp-content\/uploads\/2017\/10\/Skrzynia-bieg\u00f3w-0-300x225.jpg\" alt=\"\" width=\"300\" height=\"225\" srcset=\"http:\/\/choinski.info\/wp-content\/uploads\/2017\/10\/Skrzynia-bieg\u00f3w-0-300x225.jpg 300w, http:\/\/choinski.info\/wp-content\/uploads\/2017\/10\/Skrzynia-bieg\u00f3w-0-768x576.jpg 768w, http:\/\/choinski.info\/wp-content\/uploads\/2017\/10\/Skrzynia-bieg\u00f3w-0-1024x768.jpg 1024w\" sizes=\"(max-width: 300px) 100vw, 300px\" \/><\/p>\n<p>For sale (kaufen). Getriebe\u00a0 MPR\u00a0 Prometheus 700 EUR\u00a0<\/p>\n<p><img decoding=\"async\" loading=\"lazy\" class=\"size-medium wp-image-373 aligncenter\" src=\"http:\/\/choinski.info\/wp-content\/uploads\/2017\/10\/Mercedes-170V-skrzynia-b.-300x225.jpg\" alt=\"\" width=\"300\" height=\"225\" srcset=\"http:\/\/choinski.info\/wp-content\/uploads\/2017\/10\/Mercedes-170V-skrzynia-b.-300x225.jpg 300w, http:\/\/choinski.info\/wp-content\/uploads\/2017\/10\/Mercedes-170V-skrzynia-b.-768x576.jpg 768w, http:\/\/choinski.info\/wp-content\/uploads\/2017\/10\/Mercedes-170V-skrzynia-b.-1024x768.jpg 1024w\" sizes=\"(max-width: 300px) 100vw, 300px\" \/><\/p>\n<p>Sprzedam skrzynia bieg\u00f3w Getriebe Mercedes &#8211; Benz\u00a0\u00a0 170V, \u00a0 W136,\u00a0 700 EUR<\/p>\n<p><img decoding=\"async\" loading=\"lazy\" class=\"size-medium wp-image-376 aligncenter\" src=\"http:\/\/choinski.info\/wp-content\/uploads\/2017\/10\/Mecedes-170V-bloki-300x225.jpg\" alt=\"\" width=\"300\" height=\"225\" srcset=\"http:\/\/choinski.info\/wp-content\/uploads\/2017\/10\/Mecedes-170V-bloki-300x225.jpg 300w, http:\/\/choinski.info\/wp-content\/uploads\/2017\/10\/Mecedes-170V-bloki-768x576.jpg 768w, http:\/\/choinski.info\/wp-content\/uploads\/2017\/10\/Mecedes-170V-bloki-1024x768.jpg 1024w\" sizes=\"(max-width: 300px) 100vw, 300px\" \/><\/p>\n<p>For sale (kaufen).<\/p>\n<p>Mercedes &#8211; Benz 170V\u00a0 Motor &#8211;\u00a0 Block,\u00a0 2x 500 EUR<\/p>\n<p><img decoding=\"async\" loading=\"lazy\" class=\"size-medium wp-image-370 aligncenter\" src=\"http:\/\/choinski.info\/wp-content\/uploads\/2017\/10\/Tylny-most-300x225.jpg\" alt=\"\" width=\"300\" height=\"225\" srcset=\"http:\/\/choinski.info\/wp-content\/uploads\/2017\/10\/Tylny-most-300x225.jpg 300w, http:\/\/choinski.info\/wp-content\/uploads\/2017\/10\/Tylny-most-768x576.jpg 768w, http:\/\/choinski.info\/wp-content\/uploads\/2017\/10\/Tylny-most-1024x768.jpg 1024w\" sizes=\"(max-width: 300px) 100vw, 300px\" \/><\/p>\n<p>Hinterachse\u00a0 (rear axle from what car?)\u00a0<\/p>\n<p>\u00a0<\/p>\n<p><img decoding=\"async\" loading=\"lazy\" class=\"size-medium wp-image-372 aligncenter\" src=\"http:\/\/choinski.info\/wp-content\/uploads\/2017\/10\/mercedes-170V-tylny-most-300x225.jpg\" alt=\"\" width=\"300\" height=\"225\" srcset=\"http:\/\/choinski.info\/wp-content\/uploads\/2017\/10\/mercedes-170V-tylny-most-300x225.jpg 300w, http:\/\/choinski.info\/wp-content\/uploads\/2017\/10\/mercedes-170V-tylny-most-768x576.jpg 768w, http:\/\/choinski.info\/wp-content\/uploads\/2017\/10\/mercedes-170V-tylny-most-1024x768.jpg 1024w\" sizes=\"(max-width: 300px) 100vw, 300px\" \/><\/p>\n<p>For sale (kaufen) Mercedes Benz\u00a0 170V\u00a0 Hinterachse 1200 EUR<\/p>\n<p><img decoding=\"async\" loading=\"lazy\" class=\"size-medium wp-image-133 aligncenter\" src=\"http:\/\/choinski.info\/wp-content\/uploads\/2016\/01\/DSC6944-300x199.jpg\" alt=\"\" width=\"300\" height=\"199\" srcset=\"http:\/\/choinski.info\/wp-content\/uploads\/2016\/01\/DSC6944-300x199.jpg 300w, http:\/\/choinski.info\/wp-content\/uploads\/2016\/01\/DSC6944-768x510.jpg 768w, http:\/\/choinski.info\/wp-content\/uploads\/2016\/01\/DSC6944-1024x680.jpg 1024w\" sizes=\"(max-width: 300px) 100vw, 300px\" \/><\/p>\n<p>For sale (kaufen). BMW\/EMW 340 Grill, Stosstange und Klauen: zusammen 350 EUR.\u00a0 Sprzedam grill BMW\/EMW 340 (700 PLN) zderzak przedni (175 PLN), zderzak tylny (175 PLN) oraz k\u0142y (po 50 PLN sztuka).<\/p>\n<p><img decoding=\"async\" loading=\"lazy\" class=\"size-medium wp-image-377 aligncenter\" src=\"http:\/\/choinski.info\/wp-content\/uploads\/2017\/10\/Olimpia-zegary-300x225.jpg\" alt=\"\" width=\"300\" height=\"225\" srcset=\"http:\/\/choinski.info\/wp-content\/uploads\/2017\/10\/Olimpia-zegary-300x225.jpg 300w, http:\/\/choinski.info\/wp-content\/uploads\/2017\/10\/Olimpia-zegary-768x576.jpg 768w, http:\/\/choinski.info\/wp-content\/uploads\/2017\/10\/Olimpia-zegary-1024x768.jpg 1024w\" sizes=\"(max-width: 300px) 100vw, 300px\" \/><\/p>\n<p>Sprzedam Opel Olympia zegary 1100 PLN<\/p>\n<p><img decoding=\"async\" loading=\"lazy\" class=\"wp-image-378 aligncenter\" src=\"http:\/\/choinski.info\/wp-content\/uploads\/2017\/10\/BMW-340-skrzynia-300x225.jpg\" alt=\"\" width=\"300\" height=\"225\" srcset=\"http:\/\/choinski.info\/wp-content\/uploads\/2017\/10\/BMW-340-skrzynia-300x225.jpg 300w, http:\/\/choinski.info\/wp-content\/uploads\/2017\/10\/BMW-340-skrzynia-768x576.jpg 768w, http:\/\/choinski.info\/wp-content\/uploads\/2017\/10\/BMW-340-skrzynia-1024x768.jpg 1024w\" sizes=\"(max-width: 300px) 100vw, 300px\" \/><\/p>\n<p>For sale (kaufen).\u00a0 Schaltgetriebe 500 EUR<\/p>\n<p><strong>Verkaufen (for sale):<\/strong><\/p>\n<p>Eine Rahme (uszkodzona, beschedict) Mercedes-Benz 230 W143<\/p>\n<p>BMW Grill, Stosstange und Klauen: 300 Eur<\/p>\n<p>Wanderer Vorkrieg Rahme 2500 Eur<\/p>\n<p>Motor M-B M 21 gut 10000 Eur<\/p>\n<p>Motor M-B M 21 unkomplett 7500 EUR<\/p>\n<p>Ford V8 Motor vorkrieg 1300 Eur<\/p>\n<p>Motor MP (unkomplett) 600 EUR<\/p>\n<p>Getriebe Ford V8 500 Eur<\/p>\n<p>Getriebe W 143, 600 EUR<\/p>\n<p>Getriebe MB 170V, 600 EUr<\/p>\n<p>Hinterachse MB 170V 600 EUR<\/p>\n<p>Block 170V 400 EUR<\/p>\n<p>Hinterachse andere 500 EUR<\/p>\n<p>Getriebe MP 250 EUR<\/p>\n<p><strong>\u00a0<\/strong><\/p>\n\n\n<figure class=\"wp-block-gallery has-nested-images columns-default is-cropped wp-block-gallery-1 is-layout-flex\">\n<figure class=\"wp-block-image size-large\"><img decoding=\"async\" loading=\"lazy\" width=\"1024\" height=\"768\" data-id=\"1149\"  src=\"http:\/\/choinski.info\/wp-content\/uploads\/2023\/01\/W-143-7-1-1024x768.jpg\" alt=\"\" class=\"wp-image-1149\" srcset=\"http:\/\/choinski.info\/wp-content\/uploads\/2023\/01\/W-143-7-1-1024x768.jpg 1024w, http:\/\/choinski.info\/wp-content\/uploads\/2023\/01\/W-143-7-1-300x225.jpg 300w, http:\/\/choinski.info\/wp-content\/uploads\/2023\/01\/W-143-7-1-768x576.jpg 768w, http:\/\/choinski.info\/wp-content\/uploads\/2023\/01\/W-143-7-1-1536x1152.jpg 1536w, http:\/\/choinski.info\/wp-content\/uploads\/2023\/01\/W-143-7-1-2048x1536.jpg 2048w\" sizes=\"(max-width: 1024px) 100vw, 1024px\" \/><\/figure>\n<\/figure>\n\n\n\n<p><\/p>\n","protected":false},"excerpt":{"rendered":"<p>Autos und Teile zum verkaufen (na sprzeda\u017c, tel. (48)\u00a0 693 115 645 (nur SMS): Adress: 05-420 J\u00f3zef\u00f3w ul. Pi\u0142sudskiego 1\u00a0 \u00a0 Poland E-mail: janusz@choinski.info \u00a0 Mercedes -Benz W150,\u00a0 770K, 1938. (Grosser Mercedes) kaufen,\u00a0 for sale. 25000 EUR \u00a0 Mercedes -Benz W150,\u00a0 770K, 1938. (Grosser Mercedes) verkaufen, for sale 25000 EUR (Uwaga, auto jest sprzedane, mo\u017cliwy &hellip; <a href=\"http:\/\/choinski.info\/index.php\/oldtimer\/\" class=\"more-link\">Czytaj dalej <span class=\"screen-reader-text\">Oldtimer<\/span> <span class=\"meta-nav\">&rarr;<\/span><\/a><\/p>\n","protected":false},"author":1,"featured_media":0,"parent":0,"menu_order":0,"comment_status":"closed","ping_status":"closed","template":"page-templates\/full-width.php","meta":[],"_links":{"self":[{"href":"http:\/\/choinski.info\/index.php\/wp-json\/wp\/v2\/pages\/294"}],"collection":[{"href":"http:\/\/choinski.info\/index.php\/wp-json\/wp\/v2\/pages"}],"about":[{"href":"http:\/\/choinski.info\/index.php\/wp-json\/wp\/v2\/types\/page"}],"author":[{"embeddable":true,"href":"http:\/\/choinski.info\/index.php\/wp-json\/wp\/v2\/users\/1"}],"replies":[{"embeddable":true,"href":"http:\/\/choinski.info\/index.php\/wp-json\/wp\/v2\/comments?post=294"}],"version-history":[{"count":61,"href":"http:\/\/choinski.info\/index.php\/wp-json\/wp\/v2\/pages\/294\/revisions"}],"predecessor-version":[{"id":1376,"href":"http:\/\/choinski.info\/index.php\/wp-json\/wp\/v2\/pages\/294\/revisions\/1376"}],"wp:attachment":[{"href":"http:\/\/choinski.info\/index.php\/wp-json\/wp\/v2\/media?parent=294"}],"curies":[{"name":"wp","href":"https:\/\/api.w.org\/{rel}","templated":true}]}}